{"id":1345,"date":"2016-04-25T19:16:00","date_gmt":"2016-04-25T18:16:00","guid":{"rendered":"http:\/\/loksiamspa.com\/ternes\/?post_type=product&#038;p=1345"},"modified":"2016-07-23T14:33:22","modified_gmt":"2016-07-23T13:33:22","slug":"gommage-massage-huiles-chaudes-d1h30-2","status":"publish","type":"product","link":"https:\/\/loksiamspa.com\/ternes\/produit\/gommage-massage-huiles-chaudes-d1h30-2\/","title":{"rendered":"Gommage + Massage Huiles (D1H30CC)"},"content":{"rendered":"<p>Pendant 30 minutes, d\u00e9couvrez les bienfaits d&rsquo;un gommage du corps afin de faire peau neuve, puis \u00e9vadez-vous avec un d\u00e9licieux massage aux huiles\u00a0 100% Biologiques.<br \/>\nLe massage Thai aux huiles aromatiques alterne mouvements fluides et pressions profondes, tapotements et frictions sur les muscles les plus tendus. Gr\u00e2ce aux p\u00e9trissages musculaires exerc\u00e9s par les paumes, le massage aux huiles aromatiques d\u00e9noue toutes les tensions et permet de r\u00e9\u00e9quilibrer la circulation \u00e9nerg\u00e9tique.<\/p>\n<p>Les vertus de ces huiles sont apaisantes, purifiantes, et vous assurent une relaxation intense. Les senteurs s\u00e9lectionn\u00e9es comme le jasmin, le th\u00e9 vert ou orchid\u00e9e vous procurent un bien \u00eatre total.<\/p>\n<p>Le massage Thai aux huiles aromatiques est un combin\u00e9 relaxant, m\u00ealant les propri\u00e9t\u00e9s des huiles aromatiques \u00e0 l\u2019efficacit\u00e9 du massage Thai traditionnel, car il consiste aussi \u00e0 travailler sur les points et les lignes d\u2019\u00e9nergie.<\/p>\n<p>Bien que relaxant, le massage aux huiles aromatiques est un massage assez profond.<\/p>\n","protected":false},"excerpt":{"rendered":"<p>Pendant 30 minutes, d\u00e9couvrez les bienfaits d&rsquo;un gommage du corps afin de faire peau neuve, puis \u00e9vadez-vous avec un d\u00e9licieux massage aux huiles\u00a0 100% Biologiques. Le massage Thai aux huiles aromatiques alterne mouvements fluides et pressions profondes, tapotements et frictions sur les muscles les plus tendus. Gr\u00e2ce aux p\u00e9trissages musculaires exerc\u00e9s par les paumes, le [&hellip;]<\/p>\n","protected":false},"featured_media":1682,"comment_status":"closed","ping_status":"closed","template":"","meta":[],"yoast_head":"<!-- This site is optimized with the Yoast SEO plugin v15.2.1 - https:\/\/yoast.com\/wordpress\/plugins\/seo\/ -->\n<title>Gommage + Massage Huiles (D1H30CC) - Lok Siam Spa Ternes<\/title>\n<meta name=\"robots\" content=\"index, follow, max-snippet:-1, max-image-preview:large, max-video-preview:-1\" \/>\n<link rel=\"canonical\" href=\"https:\/\/loksiamspa.com\/ternes\/produit\/gommage-massage-huiles-chaudes-d1h30-2\/\" \/>\n<meta property=\"og:locale\" content=\"fr_FR\" \/>\n<meta property=\"og:type\" content=\"article\" \/>\n<meta property=\"og:title\" content=\"Gommage + Massage Huiles (D1H30CC) - Lok Siam Spa Ternes\" \/>\n<meta property=\"og:description\" content=\"Pendant 30 minutes, d\u00e9couvrez les bienfaits d&rsquo;un gommage du corps afin de faire peau neuve, puis \u00e9vadez-vous avec un d\u00e9licieux massage aux huiles\u00a0 100% Biologiques. Le massage Thai aux huiles aromatiques alterne mouvements fluides et pressions profondes, tapotements et frictions sur les muscles les plus tendus. Gr\u00e2ce aux p\u00e9trissages musculaires exerc\u00e9s par les paumes, le [&hellip;]\" \/>\n<meta property=\"og:url\" content=\"https:\/\/loksiamspa.com\/ternes\/produit\/gommage-massage-huiles-chaudes-d1h30-2\/\" \/>\n<meta property=\"og:site_name\" content=\"Lok Siam Spa Ternes\" \/>\n<meta property=\"article:modified_time\" content=\"2016-07-23T13:33:22+00:00\" \/>\n<meta property=\"og:image\" content=\"https:\/\/loksiamspa.com\/ternes\/wp-content\/uploads\/2016\/05\/13435746_10207696386100158_1993049219_n.jpg\" \/>\n\t<meta property=\"og:image:width\" content=\"500\" \/>\n\t<meta property=\"og:image:height\" content=\"250\" \/>\n<meta name=\"twitter:card\" content=\"summary\" \/>\n<meta name=\"twitter:label1\" content=\"\u00c9crit par\">\n\t<meta name=\"twitter:data1\" content=\"SAID TAHIR\">\n\t<meta name=\"twitter:label2\" content=\"Dur\u00e9e de lecture est.\">\n\t<meta name=\"twitter:data2\" content=\"1 minute\">\n<script type=\"application\/ld+json\" class=\"yoast-schema-graph\">{\"@context\":\"https:\/\/schema.org\",\"@graph\":[{\"@type\":\"WebSite\",\"@id\":\"https:\/\/loksiamspa.com\/ternes\/#website\",\"url\":\"https:\/\/loksiamspa.com\/ternes\/\",\"name\":\"Lok Siam Spa Ternes\",\"description\":\"Institut massage tha\\u00ef paris 17\",\"potentialAction\":[{\"@type\":\"SearchAction\",\"target\":\"https:\/\/loksiamspa.com\/ternes\/?s={search_term_string}\",\"query-input\":\"required name=search_term_string\"}],\"inLanguage\":\"fr-FR\"},{\"@type\":\"ImageObject\",\"@id\":\"https:\/\/loksiamspa.com\/ternes\/produit\/gommage-massage-huiles-chaudes-d1h30-2\/#primaryimage\",\"inLanguage\":\"fr-FR\",\"url\":\"https:\/\/loksiamspa.com\/ternes\/wp-content\/uploads\/2016\/05\/13435746_10207696386100158_1993049219_n.jpg\",\"width\":500,\"height\":250},{\"@type\":\"WebPage\",\"@id\":\"https:\/\/loksiamspa.com\/ternes\/produit\/gommage-massage-huiles-chaudes-d1h30-2\/#webpage\",\"url\":\"https:\/\/loksiamspa.com\/ternes\/produit\/gommage-massage-huiles-chaudes-d1h30-2\/\",\"name\":\"Gommage + Massage Huiles (D1H30CC) - Lok Siam Spa Ternes\",\"isPartOf\":{\"@id\":\"https:\/\/loksiamspa.com\/ternes\/#website\"},\"primaryImageOfPage\":{\"@id\":\"https:\/\/loksiamspa.com\/ternes\/produit\/gommage-massage-huiles-chaudes-d1h30-2\/#primaryimage\"},\"datePublished\":\"2016-04-25T18:16:00+00:00\",\"dateModified\":\"2016-07-23T13:33:22+00:00\",\"inLanguage\":\"fr-FR\",\"potentialAction\":[{\"@type\":\"ReadAction\",\"target\":[\"https:\/\/loksiamspa.com\/ternes\/produit\/gommage-massage-huiles-chaudes-d1h30-2\/\"]}]}]}<\/script>\n<!-- \/ Yoast SEO plugin. -->","_links":{"self":[{"href":"https:\/\/loksiamspa.com\/ternes\/wp-json\/wp\/v2\/product\/1345"}],"collection":[{"href":"https:\/\/loksiamspa.com\/ternes\/wp-json\/wp\/v2\/product"}],"about":[{"href":"https:\/\/loksiamspa.com\/ternes\/wp-json\/wp\/v2\/types\/product"}],"replies":[{"embeddable":true,"href":"https:\/\/loksiamspa.com\/ternes\/wp-json\/wp\/v2\/comments?post=1345"}],"wp:featuredmedia":[{"embeddable":true,"href":"https:\/\/loksiamspa.com\/ternes\/wp-json\/wp\/v2\/media\/1682"}],"wp:attachment":[{"href":"https:\/\/loksiamspa.com\/ternes\/wp-json\/wp\/v2\/media?parent=1345"}],"curies":[{"name":"wp","href":"https:\/\/api.w.org\/{rel}","templated":true}]}}